{"id":89,"date":"2022-01-07T13:35:27","date_gmt":"2022-01-07T13:35:27","guid":{"rendered":"https:\/\/tamann.hu\/?page_id=89"},"modified":"2022-01-07T13:36:27","modified_gmt":"2022-01-07T13:36:27","slug":"rolunk-mondtak","status":"publish","type":"page","link":"https:\/\/tamann.hu\/?page_id=89","title":{"rendered":"R\u00f3lunk mondt\u00e1k"},"content":{"rendered":"\n<p><\/p>\n\n\n\n<blockquote class=\"wp-block-quote is-layout-flow wp-block-quote-is-layout-flow\"><p><sub>&#8222;Maxim\u00e1lisan \u00fcgyf\u00e9lorient\u00e1lt v\u00e1llalkoz\u00e1s. Hat\u00e9konys\u00e1g, rugalmass\u00e1g \u00e9s megb\u00edzhat\u00f3s\u00e1g a legink\u00e1bb jellemz\u0151 r\u00e1. Szoros munkakapcsolatunk folyam\u00e1n minden felmer\u00fcl\u0151 k\u00e9rd\u00e9sre v\u00e1laszt kaptam, a szakmai hozz\u00e1\u00e9rt\u00e9s\u00fck kiemelked\u0151.&nbsp;&#8222;<\/sub><\/p><\/blockquote>\n\n\n\n<blockquote class=\"wp-block-quote is-layout-flow wp-block-quote-is-layout-flow\"><p><em><sub>&#8222;A Tamann Consulting Kft-vel cca. 8 \u00e9ve dolgozunk egy\u00fctt. Az \u00e9vek sor\u00e1n sz\u00e1mtalan feladat, probl\u00e9ma ker\u00fclt megold\u00e1sra. Rugalmas \u00e9s rendk\u00edv\u00fcl seg\u00edt\u0151k\u00e9sz szeml\u00e9let jellemzi a c\u00e9get.&#8221;<\/sub><\/em><\/p><\/blockquote>\n\n\n\n<blockquote class=\"wp-block-quote is-layout-flow wp-block-quote-is-layout-flow\"><p><em><sub>&#8222;Mindig gyorsan \u00e9s rugalmasan reag\u00e1ltak k\u00e9rd\u00e9seinkre, probl\u00e9m\u00e1inkra. Munkakapcsolatunk alatt mindig empatikus, kedves hozz\u00e1\u00e1ll\u00e1ssal tal\u00e1lkozunk.&#8221;<\/sub><\/em><\/p><\/blockquote>\n\n\n\n<blockquote class=\"wp-block-quote is-layout-flow wp-block-quote-is-layout-flow\"><p><em><sub>&#8222;A hibaelh\u00e1r\u00edt\u00e1st, tan\u00e1csad\u00e1st teljes er\u0151bedob\u00e1ssal v\u00e9gzik. B\u00e1rmilyen k\u00e9rd\u00e9s, eset\u00e9n gyors \u00e9s hat\u00e9kony seg\u00edts\u00e9get kaptunk. Korrekt, megb\u00edzhat\u00f3 v\u00e1llalkoz\u00e1s.&#8221;<\/sub><\/em><\/p><\/blockquote>\n","protected":false},"excerpt":{"rendered":"<p>&#8222;Maxim\u00e1lisan \u00fcgyf\u00e9lorient\u00e1lt v\u00e1llalkoz\u00e1s. Hat\u00e9konys\u00e1g, rugalmass\u00e1g \u00e9s megb\u00edzhat\u00f3s\u00e1g a legink\u00e1bb jellemz\u0151 r\u00e1. Szoros munkakapcsolatunk folyam\u00e1n minden felmer\u00fcl\u0151 k\u00e9rd\u00e9sre v\u00e1laszt kaptam, a [&hellip;]<\/p>\n","protected":false},"author":1,"featured_media":0,"parent":0,"menu_order":0,"comment_status":"closed","ping_status":"closed","template":"","meta":{"footnotes":""},"class_list":["post-89","page","type-page","status-publish","hentry"],"_links":{"self":[{"href":"https:\/\/tamann.hu\/index.php?rest_route=\/wp\/v2\/pages\/89","targetHints":{"allow":["GET"]}}],"collection":[{"href":"https:\/\/tamann.hu\/index.php?rest_route=\/wp\/v2\/pages"}],"about":[{"href":"https:\/\/tamann.hu\/index.php?rest_route=\/wp\/v2\/types\/page"}],"author":[{"embeddable":true,"href":"https:\/\/tamann.hu\/index.php?rest_route=\/wp\/v2\/users\/1"}],"replies":[{"embeddable":true,"href":"https:\/\/tamann.hu\/index.php?rest_route=%2Fwp%2Fv2%2Fcomments&post=89"}],"version-history":[{"count":2,"href":"https:\/\/tamann.hu\/index.php?rest_route=\/wp\/v2\/pages\/89\/revisions"}],"predecessor-version":[{"id":92,"href":"https:\/\/tamann.hu\/index.php?rest_route=\/wp\/v2\/pages\/89\/revisions\/92"}],"wp:attachment":[{"href":"https:\/\/tamann.hu\/index.php?rest_route=%2Fwp%2Fv2%2Fmedia&parent=89"}],"curies":[{"name":"wp","href":"https:\/\/api.w.org\/{rel}","templated":true}]}}